{"id":858,"date":"2023-09-20T10:14:25","date_gmt":"2023-09-20T10:14:25","guid":{"rendered":"https:\/\/aszeszgyar.hu\/?page_id=858"},"modified":"2023-10-19T15:41:55","modified_gmt":"2023-10-19T15:41:55","slug":"sutik-cookie-kezelese","status":"publish","type":"page","link":"https:\/\/retreatfactory.hu\/en\/sutik-cookie-kezelese\/","title":{"rendered":"Cookie policy"},"content":{"rendered":"<p>A(z) https:\/\/retreatfactory.hu\/ weboldala s\u00fctiket haszn\u00e1l a weboldal m\u0171k\u00f6dtet\u00e9se, haszn\u00e1lat\u00e1nak megk\u00f6nny\u00edt\u00e9se, a weboldalon v\u00e9gzett tev\u00e9kenys\u00e9g nyomon k\u00f6vet\u00e9se \u00e9s relev\u00e1ns aj\u00e1nlatok megjelen\u00edt\u00e9se \u00e9rdek\u00e9ben.K\u00e9rj\u00fck, hogy a dokumentumot figyelmesen olvassa el \u00e9s csak akkor vegye ig\u00e9nybe a weboldal szolg\u00e1ltat\u00e1sait, amennyiben minden pontj\u00e1val egyet\u00e9rt \u00e9s azokat \u00d6nre (a tov\u00e1bbiakban: Felhaszn\u00e1l\u00f3) n\u00e9zve k\u00f6telez\u0151 \u00e9rv\u00e9ny\u0171nek elfogadja. Felh\u00edvjuk figyelm\u00e9t, hogy jelen szab\u00e1lyzat csak az adott weboldalon t\u00f6rt\u00e9n\u0151 cookie-kezel\u00e9sre vonatkozik.<\/p>\n<p><span style=\"text-decoration: underline;\">What is a Cookie?<\/span>A cookie (magyarul &#8222;s\u00fcti&#8221;) egy olyan kism\u00e9ret\u0171 adatcsomag, amit az internetes szolg\u00e1ltat\u00e1sok a b\u00f6ng\u00e9sz\u0151ben t\u00e1rolnak el. A hat\u00e9kony \u00e9s modern felhaszn\u00e1l\u00f3i \u00e9lm\u00e9nyt ny\u00fajt\u00f3 online szolg\u00e1ltat\u00e1s m\u0171k\u00f6d\u00e9s\u00e9hez elengedhetetlen technol\u00f3gia, amelyet manaps\u00e1g minden b\u00f6ng\u00e9sz\u0151 t\u00e1mogat.<span style=\"text-decoration: underline;\">How is a cookie created?<\/span>First the client machine sends a request to the server. The server then generates a unique identifier and stores it in its own database, and sends the cookie back to the client with all the information. The returned information cookie is stored on the client machine.<span style=\"text-decoration: underline;\">How is the Cookie useful?<\/span>When the client machine contacts the server again, it will have already paired the cookie that was previously created and stored. The server compares the contents of the cookie it received and the cookie it stored. This makes it easy to identify e.g. the logged in registered user. Without this, for example, it would not be possible to log in to a website.<\/p>\n<p \"=\"\"strongmilyen s\u00fctiket \u00e9s mire haszn\u00e1l a weboldal?brstrongbra weboldal k\u00f6vetkez\u0151 c\u00e9lokb\u00f3l haszn\u00e1lja pulli>developing our website,<\/li>\n<li \"=\"\"az \u00d6n navig\u00e1ci\u00f3j\u00e1nak megk\u00f6nny\u00edt\u00e9se weboldalunkon \u00e9s oldal funkci\u00f3inak haszn\u00e1lata sor\u00e1n, \u00edgy biztos\u00edtva a z\u00f6kken\u0151mentes felhaszn\u00e1l\u00f3i \u00e9lm\u00e9nyt, lili>inform\u00e1ci\u00f3 gy\u0171jt\u00e9se azzal kapcsolatban, hogy hogyan haszn\u00e1lja weboldalunkat &#8211; annak felm\u00e9r\u00e9s\u00e9vel, hogy weboldalunk melyik r\u00e9szeit l\u00e1togatja vagy haszn\u00e1lja legink\u00e1bb, \u00edgy megtudhatjuk, hogyan biztos\u00edtsunk \u00d6nnek m\u00e9g jobb felhaszn\u00e1l\u00f3i \u00e9lm\u00e9nyt, ha ism\u00e9t megl\u00e1togatja oldalunkat,<\/li>\n<li \"=\"\"megtudhatjuk, hogyan biztos\u00edtsuk m\u00e9g jobban a felhaszn\u00e1l\u00f3i \u00e9lm\u00e9nyt, ha ism\u00e9t megl\u00e1togatja az oldalunkat,lili>placing targeted ads on other websites,<\/li>\n<li \"=\"\"b\u00f6ng\u00e9sz\u0151 felhaszn\u00e1l\u00f3k megk\u00fcl\u00f6nb\u00f6ztet\u00e9se, azonos\u00edt\u00e1sa,lili>to monitor activities on the website so that we can send you more relevant offers that are of specific interest or interest to you.<\/li>\n<\/ul>\n<p><strong>Types of cookies<\/strong><span style=\"text-decoration: underline;\">Cookies for basic functionality<\/span>Ezen s\u00fctik biztos\u00edtj\u00e1k a weboldal megfelel\u0151 m\u0171k\u00f6d\u00e9s\u00e9t, megk\u00f6nny\u00edtik annak haszn\u00e1lat\u00e1t, \u00e9s l\u00e1togat\u00f3ink azonos\u00edt\u00e1sa n\u00e9lk\u00fcl gy\u0171jtenek inform\u00e1ci\u00f3t a haszn\u00e1lat\u00e1r\u00f3l.Ide tartozik p\u00e9ld\u00e1ul a kalkul\u00e1torhaszn\u00e1lati \u00e9rt\u00e9kek t\u00e1rol\u00e1sa, a s\u00fctikezel\u00e9s elfogad\u00e1s\u00e1nak st\u00e1tusza, bejelentkez\u00e9si m\u00f3dok \u00e9s adatok megjegyz\u00e9se, weboldal \u00e9rtes\u00edt\u00e9si \u00fczenetek st\u00e1tusza \u00e9s a cs\u00f6kkentett funkcionalit\u00e1s\u00fa Google Analytics k\u00f3d.Ne feledje, ezen s\u00fctik alkalmaz\u00e1sa n\u00e9lk\u00fcl nem tudjuk garant\u00e1lni \u00d6nnek weboldalunk k\u00e9nyelmes haszn\u00e1lat\u00e1t.Statisztikai c\u00e9l\u00fa s\u00fctikWeboldalunk fejleszt\u00e9s\u00e9nek, valamint a felhaszn\u00e1l\u00f3k sz\u00e1m\u00e1ra biztos\u00edtott \u00e9lm\u00e9nyek jav\u00edt\u00e1s\u00e1nak c\u00e9lj\u00e1val olyan s\u00fctiket is haszn\u00e1lunk, melyek lehet\u0151v\u00e9 teszik sz\u00e1munkra, hogy inform\u00e1ci\u00f3t gy\u0171jts\u00fcnk azzal kapcsolatban, hogyan haszn\u00e1lj\u00e1k l\u00e1togat\u00f3ink weboldalunkat. Ezek a s\u00fctik nem tudj\u00e1k \u00d6nt szem\u00e9ly szerint beazonos\u00edtani, olyan inform\u00e1ci\u00f3kat gy\u0171jtenek, mint pl. hogy melyik oldalt n\u00e9zte meg a l\u00e1togat\u00f3nk, a felhaszn\u00e1l\u00f3 a weboldal mely r\u00e9sz\u00e9re kattintott, h\u00e1ny oldalt keresett fel, milyen hossz\u00fa volt az egyes munkamenetek megtekint\u00e9si ideje, melyek voltak az esetleges hiba\u00fczenetek.\u2003<span style=\"text-decoration: underline;\">Performance cookies<\/span>Ilyen teljes\u00edtm\u00e9nyt biztos\u00edt\u00f3 s\u00fctik a Google Analytics s\u00fctijei is. A Google Analytics s\u00fctikkel kapcsolatos tov\u00e1bbi tudnival\u00f3k \u00e9rdek\u00e9ben k\u00e9rj\u00fck, kattintson ide: https:\/\/developers.google.com\/analytics\/devguides\/collection\/analyticsjs\/cookie-usageTeljes\u00edtm\u00e9nyt biztos\u00edt\u00f3 s\u00fctik a Google Optimize s\u00fctijei is. A Google Optimize s\u00fctikkel kapcsolatos tudnival\u00f3kr\u00f3l itt t\u00e1j\u00e9koz\u00f3dhat:https:\/\/developers.google.com\/analytics\/devguides\/collection\/analyticsjs\/cookie-usage.<span style=\"text-decoration: underline;\">Targeting and advertising cookies<\/span>Ezeknek a s\u00fctiknek az a c\u00e9lja, hogy \u00e1ltaluk m\u00e9g ink\u00e1bb az \u00d6nt \u00e9rdekl\u0151 vagy az \u00d6n sz\u00e1m\u00e1ra relev\u00e1ns hirdet\u00e9sek jelenjenek meg a weboldalakon. Ezek a s\u00fctik az \u00d6n hozz\u00e1j\u00e1rul\u00e1sa n\u00e9lk\u00fcl nem tudj\u00e1k \u00d6nt szem\u00e9ly szerint beazonos\u00edtani, olyan inform\u00e1ci\u00f3kat gy\u0171jtenek, mint pl. hogy melyik oldalt n\u00e9zte meg a l\u00e1togat\u00f3nk, a felhaszn\u00e1l\u00f3 a weboldal mely r\u00e9sz\u00e9re kattintott, h\u00e1ny oldalt keresett fel, mindezt az \u00d6n \u00e9rdekl\u0151d\u00e9s\u00e9re sz\u00e1mot tart\u00f3 tartalmak megismer\u00e9se \u00e9rdek\u00e9ben.Amennyiben azonban ehhez hozz\u00e1j\u00e1rult, a weboldal haszn\u00e1lat nyomon k\u00f6vet\u00e9se sor\u00e1n \u00f6sszegy\u0171jt\u00f6tt inform\u00e1ci\u00f3kat egy\u00fcttesen haszn\u00e1lhatjuk fel az \u00d6n szem\u00e9lyes adataival, annak \u00e9rdek\u00e9ben, hogy marketing kommunik\u00e1ci\u00f3nkat m\u00e9g jobban az \u00d6n ig\u00e9nyeihez igaz\u00edthassuk \u00e9s az \u00d6n sz\u00e1m\u00e1ra min\u00e9l ink\u00e1bb szem\u00e9lyre szabott aj\u00e1nlatokra h\u00edvjuk fel a figyelm\u00e9t.\u2003<strong>We use advertising cookies from the following service providers on our website:<\/strong><span style=\"text-decoration: underline;\"><\/span>Google AdwordsA szolg\u00e1ltat\u00e1ssal kapcsolatos r\u00e9szletes t\u00e1j\u00e9koztat\u00f3 a k\u00f6vetkez\u0151 linken kereszt\u00fcl \u00e9rhet\u0151 el: https:\/\/www.google.com\/intl\/hu\/policies\/privacyFacebookA szolg\u00e1ltat\u00e1ssal kapcsolatos r\u00e9szletes t\u00e1j\u00e9koztat\u00f3 a k\u00f6vetkez\u0151 linken \u00e9rhet\u0151 el: https:\/\/www.facebook.com\/help\/cookies\/DoubleclickA szolg\u00e1ltat\u00e1ssal kapcsolatos r\u00e9szletes t\u00e1j\u00e9koztat\u00f3 a k\u00f6vetkez\u0151 linken \u00e9rhet\u0151 el: https:\/\/www.google.com\/intl\/hu\/policies\/privacyInstagramA szolg\u00e1ltat\u00e1ssal kapcsolatos r\u00e9szletes t\u00e1j\u00e9koztat\u00f3 a k\u00f6vetkez\u0151 linken \u00e9rhet\u0151 el: https:\/\/help.instagram.com\/402411646841720<\/p>\n<p>Hogyan ellen\u0151rizheti, \u00e9s hogyan tudja kikapcsolnia a s\u00fctiket?Minden modern b\u00f6ng\u00e9sz\u0151 enged\u00e9lyezi a s\u00fctik be\u00e1ll\u00edt\u00e1s\u00e1nak a v\u00e1ltoztat\u00e1s\u00e1t. A legt\u00f6bb b\u00f6ng\u00e9sz\u0151 alap\u00e9rtelmezettk\u00e9nt automatikusan elfogadja a s\u00fctiket, ezek a be\u00e1ll\u00edt\u00e1sok azonban \u00e1ltal\u00e1ban megv\u00e1ltoztathat\u00f3k, \u00edgy a b\u00f6ng\u00e9sz\u0151 meg tudja akad\u00e1lyozni az automatikus elfogad\u00e1st, \u00e9s minden alkalommal fel tudja aj\u00e1nlani a v\u00e1laszt\u00e1s lehet\u0151s\u00e9g\u00e9t, hogy enged\u00e9lyezi-e a s\u00fctiket.Felh\u00edvjuk figyelm\u00e9t, hogy mivel a s\u00fctik c\u00e9lja weboldalunk haszn\u00e1lhat\u00f3s\u00e1g\u00e1nak \u00e9s folyamatainak megk\u00f6nny\u00edt\u00e9se vagy lehet\u0151v\u00e9 t\u00e9tele, a cookie-k alkalmaz\u00e1s\u00e1nak megakad\u00e1lyoz\u00e1sa vagy t\u00f6rl\u00e9se miatt el\u0151fordulhat, hogy nem tudja weboldalunk funkci\u00f3it teljes k\u00f6r\u0171en haszn\u00e1lni, illetve hogy a weboldal a tervezett\u0151l elt\u00e9r\u0151en fog m\u0171k\u00f6dni b\u00f6ng\u00e9sz\u0151j\u00e9ben.A legn\u00e9pszer\u0171bb b\u00f6ng\u00e9sz\u0151k s\u00fcti be\u00e1ll\u00edt\u00e1sair\u00f3l az al\u00e1bbi linkeken t\u00e1j\u00e9koz\u00f3dhat:<\/p>\n<ul>\n<li><a href=\"https:\/\/support.google.com\/accounts\/answer\/61416?hl=hu\" style=\"outline: none;\">Google Chrome<\/a><\/li>\n<li><a href=\"https:\/\/support.mozilla.org\/hu\/kb\/sutik-informacio-amelyet-weboldalak-tarolnak-szami\" style=\"outline: none;\">Firefox<\/a><\/li>\n<li><a href=\"https:\/\/support.microsoft.com\/hu-hu\/help\/17442\/windows-internet-explorer-delete-manage-cookies#ie=ie-11\" style=\"outline: none;\">Microsoft Internet Explorer<\/a><\/li>\n<li><a href=\"https:\/\/privacy.microsoft.com\/hu-hu\/windows-10-microsoft-edge-and-privacy\" style=\"outline: none;\">Microsoft Edge<\/a><\/li>\n<li><u><a href=\"https:\/\/support.apple.com\/hu-hu\/guide\/safari\/manage-cookies-and-website-data-sfri11471\/mac\">Safari<\/a><\/u><\/li>\n<\/ul>","protected":false},"excerpt":{"rendered":"<p>A(z) https:\/\/retreatfactory.hu\/ weboldala s\u00fctiket haszn\u00e1l a weboldal m\u0171k\u00f6dtet\u00e9se, haszn\u00e1lat\u00e1nak megk\u00f6nny\u00edt\u00e9se, a weboldalon v\u00e9gzett tev\u00e9kenys\u00e9g nyomon k\u00f6vet\u00e9se \u00e9s relev\u00e1ns aj\u00e1nlatok megjelen\u00edt\u00e9se \u00e9rdek\u00e9ben.K\u00e9rj\u00fck, hogy a dokumentumot figyelmesen olvassa el \u00e9s csak akkor vegye ig\u00e9nybe a weboldal szolg\u00e1ltat\u00e1sait, amennyiben minden pontj\u00e1val egyet\u00e9rt \u00e9s azokat \u00d6nre (a tov\u00e1bbiakban: Felhaszn\u00e1l\u00f3) n\u00e9zve k\u00f6telez\u0151 \u00e9rv\u00e9ny\u0171nek elfogadja. Felh\u00edvjuk figyelm\u00e9t, hogy jelen szab\u00e1lyzat csak [&hellip;]<\/p>\n","protected":false},"author":3,"featured_media":0,"parent":0,"menu_order":0,"comment_status":"closed","ping_status":"closed","template":"","meta":{"footnotes":""},"class_list":["post-858","page","type-page","status-publish","hentry","post-wrapper","thrv_wrapper"],"aioseo_notices":[],"_links":{"self":[{"href":"https:\/\/retreatfactory.hu\/en\/wp-json\/wp\/v2\/pages\/858","targetHints":{"allow":["GET"]}}],"collection":[{"href":"https:\/\/retreatfactory.hu\/en\/wp-json\/wp\/v2\/pages"}],"about":[{"href":"https:\/\/retreatfactory.hu\/en\/wp-json\/wp\/v2\/types\/page"}],"author":[{"embeddable":true,"href":"https:\/\/retreatfactory.hu\/en\/wp-json\/wp\/v2\/users\/3"}],"replies":[{"embeddable":true,"href":"https:\/\/retreatfactory.hu\/en\/wp-json\/wp\/v2\/comments?post=858"}],"version-history":[{"count":6,"href":"https:\/\/retreatfactory.hu\/en\/wp-json\/wp\/v2\/pages\/858\/revisions"}],"predecessor-version":[{"id":864,"href":"https:\/\/retreatfactory.hu\/en\/wp-json\/wp\/v2\/pages\/858\/revisions\/864"}],"wp:attachment":[{"href":"https:\/\/retreatfactory.hu\/en\/wp-json\/wp\/v2\/media?parent=858"}],"curies":[{"name":"wp","href":"https:\/\/api.w.org\/{rel}","templated":true}]}}