{"id":373,"date":"2021-12-14T17:47:28","date_gmt":"2021-12-14T17:47:28","guid":{"rendered":"http:\/\/aszeszgyar.hu\/?page_id=373"},"modified":"2024-08-30T09:12:53","modified_gmt":"2024-08-30T09:12:53","slug":"koszono-oldal-eskuvok","status":"publish","type":"page","link":"https:\/\/retreatfactory.hu\/en\/koszono-oldal-eskuvok\/","title":{"rendered":"K\u00f6sz\u00f6n\u0151 oldal eskuvok"},"content":{"rendered":"<h1>K\u00f6sz\u00f6nj\u00fcnk, 3 napon bel\u00fcl jelentkez\u00fcnk!&nbsp;<\/h1>\n<p>Jelenlegi \u00e1raj\u00e1nlatunk el\u00e9r\u00e9s\u00e9hez kattints ide:<\/p><\/p>","protected":false},"excerpt":{"rendered":"<p>K\u00f6sz\u00f6nj\u00fcnk, 3 napon bel\u00fcl jelentkez\u00fcnk!&nbsp; Jelenlegi \u00e1raj\u00e1nlatunk el\u00e9r\u00e9s\u00e9hez kattints ide:<\/p>","protected":false},"author":1,"featured_media":0,"parent":0,"menu_order":0,"comment_status":"closed","ping_status":"closed","template":"","meta":{"footnotes":""},"class_list":["post-373","page","type-page","status-publish","hentry","post-wrapper","thrv_wrapper"],"aioseo_notices":[],"_links":{"self":[{"href":"https:\/\/retreatfactory.hu\/en\/wp-json\/wp\/v2\/pages\/373","targetHints":{"allow":["GET"]}}],"collection":[{"href":"https:\/\/retreatfactory.hu\/en\/wp-json\/wp\/v2\/pages"}],"about":[{"href":"https:\/\/retreatfactory.hu\/en\/wp-json\/wp\/v2\/types\/page"}],"author":[{"embeddable":true,"href":"https:\/\/retreatfactory.hu\/en\/wp-json\/wp\/v2\/users\/1"}],"replies":[{"embeddable":true,"href":"https:\/\/retreatfactory.hu\/en\/wp-json\/wp\/v2\/comments?post=373"}],"version-history":[{"count":8,"href":"https:\/\/retreatfactory.hu\/en\/wp-json\/wp\/v2\/pages\/373\/revisions"}],"predecessor-version":[{"id":1001,"href":"https:\/\/retreatfactory.hu\/en\/wp-json\/wp\/v2\/pages\/373\/revisions\/1001"}],"wp:attachment":[{"href":"https:\/\/retreatfactory.hu\/en\/wp-json\/wp\/v2\/media?parent=373"}],"curies":[{"name":"wp","href":"https:\/\/api.w.org\/{rel}","templated":true}]}}