{"id":3,"date":"2019-02-16T13:31:34","date_gmt":"2019-02-16T13:31:34","guid":{"rendered":"http:\/\/aszeszgyar.hu\/?page_id=3"},"modified":"2023-10-19T15:44:51","modified_gmt":"2023-10-19T15:44:51","slug":"adatkezelesi-tajekoztato","status":"publish","type":"page","link":"https:\/\/retreatfactory.hu\/en\/adatkezelesi-tajekoztato\/","title":{"rendered":"Privacy Policy"},"content":{"rendered":"<p>Process the personal data you provide:<\/p>\n<p><b>Web-PR 1 St\u00fadi\u00f3 Kft <\/b><\/p>\n<p>Head office: 1221 Budapest, P\u00e9ter P\u00e1l u.49.<\/p>\n<p>Location: 7136 F\u00e1c\u00e1nkert, Pusztasor 1-2.<\/p>\n<p>Tax ID: 24749022-2-43<\/p>\n<p>Company registration number: 01-09-180251<\/p>\n<p>Bank account number: 11722003-201684<\/p>\n<p>KSH number: 24749022-7021-113-01<\/p>\n<p>Website: https:\/\/retreatfactory.hu\/<\/p>\n<p>Phone number: +3670 7720628<\/p>\n<p>E-mail address: hello@retreatfactory.hu<\/p>\n<p>Data Protection Administrator: Ms Vighn\u00e9 Dr. Halasi Gabriella Halasi<\/p>\n<p>Contact (e-mail, phone): halasigabriella55@gmail.com, 06\/70\/772-0628<\/p>\n<p>Nyilv\u00e1ntart\u00e1sba bejegyz\u0151 b\u00edr\u00f3s\u00e1g: F\u0151v\u00e1rosi T\u00f6rv\u00e9nysz\u00e9k C\u00e9gb\u00edr\u00f3s\u00e1ga &#8211; a tov\u00e1bbiakban: <b>Data Manager<\/b>.<\/p>\n<p>Please read carefully this privacy notice (hereinafter: <b>Policy<\/b>), in which we describe our practices regarding the processing of your personal data in accordance with the General Data Protection Regulation (the GDPR, i.e. Regulation 2016\/679 of the European Parliament and of the Council), the 2016 CLVI. (2016.), Government Decree No. 235\/2019 (X. 15.) on the implementation of the Act on the State Tasks of the Development of Tourist Areas, the provisions of Act II of 2007 and Government Decree No. 414\/2015 (XII. 23.) on the Rules for the Issuance of Identity Documents and the Uniform Identity Card and Signature Capture. This Information Notice applies to persons using the services of the Data Controller as hotel guests (<b>You<\/b>) applies. It describes how the Data Controller collects, uses and, in certain cases, shares your personal data with third parties and provides information about your \"data subject\" rights in relation to data processing.<\/p>\n<p>The Data Manager (Imprint) is committed to protecting the personal data and privacy of individuals visiting this website. This notice and privacy statement is about the privacy and protection of personal data of visitors to this site, hotel guests, customers and newsletter subscribers via the Internet. It summarises how the owner may collect and use information about you and how it may be used. The data will not be disclosed to unauthorised persons and will be used in the manner set out in this notice.<\/p>\n<p><b>Purpose of data management<\/b>: quotation for hotel stays, check-in, room rental for hotel guests, marketing, room rental, event management\/organisation, catering, and credit card payment.<\/p>\n<p>In accordance with the applicable law, all personal data of hotel guests using accommodation services in Hungary, as defined by law, are <b>From 1 September 2021, it is mandatory to be recorded in the accommodation management software via the document scanner provided by the accommodation provider, and then transferred to the Closed Information Database for Guests (VIZA) (storage).<\/b> Encrypted transmission of scanned data is only possible via approved accommodation management software. Data that cannot be read by the document scanner or is read incorrectly will be recorded by the accommodation provider in the accommodation management software by manual data entry. The VIZA system only accepts data packets from the accommodation provider encrypted with personal data encryption keys as defined by law. No data not contained in the document shall be recorded.<\/p>\n<p>In specific cases, the purpose of the processing may be modified in the contracts, subject to the conditions set out in the contract.<\/p>\n<p>This notice provides you with important information about the protection of your personal data and your rights. If you do not accept these terms and conditions, you have the right to suspend your use of the website and to stop browsing without providing any personal data.<\/p>\n<h3><b>RESPONSIBILITY AND CONTACT DATA OF THE MANAGER<\/b><\/h3>\n<p><b>1.1 Information on data management<\/b><\/p>\n<p>With regard to the data processing described in this Notice <b>Web-PR 1 St\u00fadi\u00f3 Kft <\/b>the data manager (hereinafter referred to as: <b>Data Manager<\/b>).<\/p>\n<p>For any comments, questions or complaints regarding our privacy practices, please contact us at 49 P\u00e9ter P\u00e1l u.1221 Budapest, 1221 Budapest or write to <u>hello@retreatfactory.hu<\/u> e-mail address or you can also complain in person at the hotel. In the latter case, a detailed record of the complaint will be kept, including any documents, papers or other evidence presented by the guest.<\/p>\n<table border=\"1\" cellpadding=\"0\" cellspacing=\"0\" width=\"0\">\n<tbody>\n<tr>\n<td width=\"302\">\n<p align=\"center\"><b>Data Manager<\/b><\/p>\n<\/td>\n<td width=\"300\">\n<p align=\"center\"><b>Responsibilities<\/b><\/p>\n<\/td>\n<\/tr>\n<tr>\n<td width=\"302\">\n<p align=\"center\"><b>Web-PR 1 St\u00fadi\u00f3 Kft <\/b><\/p>\n<p align=\"center\">1221 Budapest, P\u00e9ter P\u00e1l u.49.<\/p>\n<\/td>\n<td width=\"300\">\n<p align=\"center\">All activities<\/p>\n<\/td>\n<\/tr>\n<\/tbody>\n<\/table>\n<p>V\u00e1laszt\u00e1s\u00e1nak megfelel\u0151en \u00d6n szem\u00e9lyes adatai megad\u00e1sa n\u00e9lk\u00fcl is jogosult hozz\u00e1f\u00e9rni weboldalainkhoz, viszont a b\u00f6ng\u00e9sz\u00e9shez elengedhetetlen a s\u00fcti &#8211; cookie szab\u00e1lyzat elfogad\u00e1sa, h\u00edrlev\u00e9l-feliratkoz\u00e1s eset\u00e9n pedig az adatv\u00e9delmi t\u00e1j\u00e9koztat\u00f3 \u00e9s nyilatkozat j\u00f3v\u00e1hagy\u00e1sa. Szem\u00e9lyes adat az \u00f6sszes inform\u00e1ci\u00f3, amely k\u00f6zvetett vagy k\u00f6zvetlen m\u00f3don, azonos\u00edt\u00f3 sz\u00e1m szerint vagy az ehhez tartoz\u00f3 adatok alapj\u00e1n azonos\u00edthat\u00f3 term\u00e9szetes szem\u00e9lyre vonatkozik. Abban az esetben, hogyha az oldal Tulajdonosa az \u00d6n szem\u00e9lyes adatait gy\u0171jti, az adatgy\u0171jt\u00e9s \u00e1tl\u00e1that\u00f3 \u00e9s bizalmas adatkezel\u00e9ssel t\u00f6rt\u00e9nik.<\/p>\n<p>Your personal data is information that allows us to identify you, such as your surname, first name, nationality, telephone number, postal address, e-mail address. Your personal data is collected voluntarily by the owner when you browse the site, indicating in each case the information that you need to provide in order to achieve the purpose. If you do not wish to provide this data, you will not be able to access certain functions and services of the site. The collection of optional data serves to understand user needs and to improve the website and its services.<\/p>\n<p>The Owner shall take all measures to ensure that the personal data it processes are accurate and up-to-date.<\/p>\n<p><b>The following personal data is processed:<\/b><\/p>\n<p>Surname, first name, company name and contact name (for company)<\/p>\n<p>Address of registered office (in case of company), address, postal address<\/p>\n<p>E-mail address<\/p>\n<p>Phone number<\/p>\n<p>Signature of hotel guest<\/p>\n<p>Payment method<\/p>\n<p>Specific data: food allergies<\/p>\n<p>System information (IP address, system version, resolution, statistics on pages viewed on the website, browsing habits, behaviour patterns)<\/p>\n<p>Data is processed electronically and, to the extent necessary, on paper.<\/p>\n<p><b>Data subject to mandatory processing<\/b>:<\/p>\n<p align=\"left\">name and surname of the guest<\/p>\n<p align=\"left\">guest's name and surname at birth (if any)<\/p>\n<p align=\"left\">the mother's maiden name and surname of the guest<\/p>\n<p align=\"left\">guest's place and date of birth<\/p>\n<p align=\"left\">nationality of the guest<\/p>\n<p align=\"left\">gender of the guest<\/p>\n<p align=\"left\">identification details of your identity card, driving licence or passport<\/p>\n<p align=\"left\">in the case of a third-country national (a person as defined in Act II of 2007 on the entry and residence of third-country nationals), the visa or residence permit number, place and date of entry<\/p>\n<p>exact address of accommodation service<\/p>\n<p>start and expected or actual end time of stay at the accommodation<\/p>\n<h3><b>Duration of data management:<\/b><\/h3>\n<p>With regard to direct marketing consents, until the user's consent is withdrawn<\/p>\n<p>For profile data, 4 years from last login<\/p>\n<p>8 years for the data of hotel guests using accommodation services according to Section 169 (2) of the Act on Accounting 8 years<\/p>\n<h3><b>Conditions for data transfer<\/b><\/h3>\n<p>Az Adatkezel\u0151 az \u00e1ltala kezelt adatokat &#8211; a sz\u00fcks\u00e9ges m\u00e9rt\u00e9kben &#8211; tov\u00e1bb\u00edthatja a k\u00f6vetkez\u0151 ter\u00fcleteken tev\u00e9kenyked\u0151, \u00e1ltala kijel\u00f6lt szem\u00e9lyek, valamint t\u00e1rsas\u00e1gok r\u00e9sz\u00e9re:<\/p>\n<ul>\n<li>Data processing<\/li>\n<li>Legal representation<\/li>\n<li>Organisations entitled to handle disputes under the law<\/li>\n<li>Mandatory data transfers under the laws and regulations detailed above<\/li>\n<li>Delivery<\/li>\n<li>Accounting<\/li>\n<li>Claims management<\/li>\n<li>Marketing<\/li>\n<li>Billing<\/li>\n<\/ul>\n<h3><b>Data processors<\/b><\/h3>\n<p>The Data Manager (in case of a request by a guest) may use a postal service provider, whereby the name, delivery address, e-mail address and telephone number of the guest (in order to arrange the delivery date) will be provided to Magyar Posta Zrt., the delivery service provider, for the purpose of delivering the product (e.g. gift voucher) requested by the guest to the guest.<\/p>\n<p>The accommodation provider is the data controller of the guest's personal data when recording and transmitting data to VIZA.<\/p>\n<p>The HUNGARIAN TOURISM AGENCY ZRT. (MT\u00dc) is the data processor of the accommodation provider.<\/p>\n<p><u>Data processors<\/u>:<\/p>\n<ul>\n<li><b>HUNGARIAN TOURISM AGENCY ZRT. (MT\u00dc)&nbsp;<\/b>(registered office: 1027 Budapest, Kacsa utca 15-23., company registration number: 01-10-041364, tax number: 10356113-2-41, +36 1 488 8700, info@mtu.gov.hu, name and contact details of the Data Protection Officer: Levente Papp, privacy@mtu.gov.hu)<\/li>\n<li><b>Magyar Posta Zrt.<\/b> (registered office: 1138 Budapest, Dunavir\u00e1g u. 2-6., company registration number: 01-10-042463, tax number: 10901232-2-44)<\/li>\n<\/ul>\n<p>The guest accepts, in accordance with this consent, the payment of the Magyar Posta Zrt. General Terms and Conditions.<\/p>\n<p>The guest using the accommodation service must present his\/her ID card, driving licence or travel document to the accommodation provider in order to record the above personal data. <b>Failure to present this document will result in the accommodation provider refusing to provide the accommodation.<\/b> The law authorises the accommodation provider to ask for the guest's identity document, which the guest is obliged to show.<\/p>\n<p>In Hungary, all citizens, regardless of age, including newborns, are required to have proof of their identity (identity card, passport, driving licence). There is no derogation from the obligation to provide information, whether on the grounds of age, relationship or any other reason.<\/p>\n<h3><b>Companies or persons involved in data processing or data handling<\/b><\/h3>\n<p>The owner, <b>Web-PR 1 St\u00fadi\u00f3 Kft <\/b>manages the data. In addition to the owner, other companies are also involved in the management and storage of contracted customers' data.<\/p>\n<h3><b>Which companies are involved in data management?<\/b><\/h3>\n<p>The companies involved in data management in the course of the Owner's activities:<\/p>\n<p>It is necessary to list all service providers where personal data are displayed:<\/p>\n<ul>\n<li style=\"\">Accountant: <strong>Els\u0151 Magyar K\u00f6nyvel\u0151 \u00e9s P\u00e1ly\u00e1zat\u00edr\u00f3 Kft.<\/strong> (762 P\u00e9cs, M\u00e1ria u. 1. Fszt 3.), info@konyveles-palyazatiras.hu &#8211; <a href=\"https:\/\/konyveles-palyazatiras.hu\/adatvedelem\/\" style=\"outline: none;\">https:\/\/konyveles-palyazatiras.hu\/adatvedelem\/<\/a><\/li>\n<li>Storage space provider: <strong>RACKFOREST ZRT.<\/strong> (1132 Budapest, Victor Hugo utca 11. 5. em. B05001.), info@rackforest.com &#8211; <a href=\"https:\/\/rackforest.com\/kapcsolat\/adatvedelmi-iranyelvek\/\" style=\"outline: none;\">https:\/\/rackforest.com\/kapcsolat\/adatvedelmi-iranyelvek\/<\/a><\/li>\n<li>Bank: <strong>OTP Bank Nyrt.<\/strong> (1051 Budapest, N\u00e1dor utca 16.), : <a href=\"mailto:informacio@otpbank.hu\">informacio@otpbank.hu<\/a> &#8211; <a href=\"https:\/\/www.otpbank.hu\/portal\/hu\/adatvedelem\" style=\"outline: none;\">https:\/\/www.otpbank.hu\/portal\/hu\/adatvedelem<\/a><b><\/b><\/li>\n<li><b>Google Inc.<\/b>: 1600 Amphitheatre Parkway, Mountain View, CA 94043, USA, <u><a href=\"https:\/\/www.google.hu\/intl\/hu\/contact\/\" style=\"outline: none;\">additional contact details<\/a><\/u>, levelez\u0151 rendszer, felh\u0151ben t\u00f6rt\u00e9n\u0151 adat \u00e9s f\u00e1jl t\u00e1rol\u00e1s, online dokumentum kezel\u00e9s, tov\u00e1bb\u00e1 a hozz\u00e1tartoz\u00f3 szolg\u00e1ltat\u00e1sok: Google Drive, Google Docs, Google Search Console, Google Analytics, Google AdSense, Google AdWords, YouTube, Blogger, Chrome b\u00f6ng\u00e9sz\u0151 t\u00e1mogat\u00e1sa &#8211;<a href=\"https:\/\/www.facebook.com\/about\/privacy\/update\"> <\/a>Google <u><a href=\"https:\/\/support.google.com\/a\/answer\/60762?hl=en\">data protection<\/a><\/u> and <u><a href=\"https:\/\/policies.google.com\/privacy?hl=hu\" style=\"outline: none;\">privacy policy<\/a><\/u>.<\/li>\n<li><b>Facebook Ireland Ltd.<\/b>: 4 Grand Canal Square, Grand Canal Harbour, Dublin 2 Ireland, a Facebook, Instagram, Messenger \u00e9s Facebook \u00e1ltal k\u00edn\u00e1lt egy\u00e9b term\u00e9kek, funkci\u00f3k t\u00e1mogat\u00e1sa &#8211;<a href=\"https:\/\/www.facebook.com\/about\/privacy\/update\"> <\/a><u><a href=\"https:\/\/www.facebook.com\/about\/privacy\/update\" style=\"outline: none;\">privacy policy<\/a><\/u> and Data Protection Officer<a href=\"https:\/\/www.facebook.com\/help\/contact\/540977946302970\"> <\/a><u><a href=\"https:\/\/www.facebook.com\/help\/contact\/540977946302970\" style=\"outline: none;\">contact<\/a><\/u><\/li>\n<\/ul>\n<p>In special cases, the contract may include additional data processors or companies.<\/p>\n<h3><b>Data ownership rights and enforcement<\/b><\/h3>\n<p>If you do not want your personal data to be used for commercial offers, you have the right to object to this without giving any reason. You must send your request for deletion in writing to the Data Controller by e-mail or by post to the contact details indicated in the Imprint.<\/p>\n<h3><b>Protection of personal data of minors and persons with reduced capacity to act<\/b><\/h3>\n<p><b>Web-PR 1 St\u00fadi\u00f3 Kft <\/b>its website and the content of its publications are mostly directed to minors under the age of 13. We process and collect personal information from children under the age of 13 solely for the purpose of complying with a legal obligation to provide such information, subject to verifiable parental or guardian consent. Parents or guardians may request the release or deletion of information about the child, but we must comply with our legal obligations. If age becomes apparent to the Data Controller during the course of processing, in which case the data may be used for the purpose of obtaining parental consent.<\/p>\n<p>The consent of a legal representative is required for the declaration of an incapacitated minor or a minor with limited capacity, except for the parts of the service that are intended for registration and do not require special consideration.<\/p>\n<h3><b>You may lodge a complaint about the processing of your data by the Data Controller<\/b><\/h3>\n<p><b> <\/b><\/p>\n<p>National Authority for Data Protection and Freedom of Information<\/p>\n<p>Head office: 1125 Budapest, Szil\u00e1gyi Erzs\u00e9bet fasor 22\/c.<\/p>\n<p>phone: 06-1 391-1400<\/p>\n<p>fax: 06-1 391-1410<\/p>\n<p>e-mail: ugyfelszolgalat@naih.hu<\/p>\n<p>webiste: naih.hu<\/p>\n<p><b> <\/b><\/p>\n<h3><b>Cookie management (cookies)<\/b><\/h3>\n<p>In the <a href=\"https:\/\/retreatfactory.hu\/en\/sutik-cookie-kezelese\/\" target=\"_blank\" rel=\"noopener\">Cookie policy<\/a> you can read more about how we manage cookies.<\/p>\n<h3><b>Definitions<\/b><\/h3>\n<p><b>Data processor: <\/b>a natural or legal person, public authority, agency or any other legal entity which processes personal data on behalf of the controller<\/p>\n<p><b>Data management: <\/b>any operation or set of operations which is performed on personal data or on sets of personal data, whether or not by automated means, such as collection, recording, organisation, structuring, storage, adaptation, alteration, retrieval, consultation, consultation, use, disclosure, transmission, dissemination, making available by other means, alignment, combination, restriction, erasure, destruction<\/p>\n<p><b>Data transfer:<\/b> making personal data processed by the Data Manager available to third parties<\/p>\n<p><b>Data protection incident: <\/b>a breach of security leading to the accidental or unlawful destruction, loss, alteration, unauthorised disclosure of, or access to, personal data transmitted, stored or otherwise processed<\/p>\n<p><b>GTC<\/b>: the rules for the sale of products and services by the Data Controller published on the website <a href=\"https:\/\/retreatfactory.hu\/en\/altalanos-szerzodesi-feltetelek\/\" target=\"_blank\" rel=\"noopener\">Terms and Conditions<\/a><\/p>\n<p><b>Identifiable individual:<\/b> an individual who is identifiable, directly or indirectly, by reference to one or more factors specific to his or her physical, physiological, genetic, mental, economic, cultural or social identity, such as name, identification number, location data, online identifier, or any other identifier<\/p>\n<p><b>Recipient:<\/b> an individual or legal person, public authority, agency or any other authority with whom the personal data is shared, whether or not a third party<\/p>\n<p><b>Consent of the data subject:<\/b> a freely given, specific, informed and unambiguous indication of the data subject's wishes by which he or she signifies, by a statement or by an act expressing his or her unambiguous consent, that he or she signifies his or her agreement to the processing of personal data concerning him or her<\/p>\n<p><b>Involved:<\/b> an individual identified or identifiable on the basis of any information<\/p>\n<p><b>Guest:<\/b> visitors to the websites operated by the Data Controller, available on the website https:\/\/retreatfactory.hu\/ and other addresses specified therein, who make a reservation on the website or have a reservation in our system<\/p>\n<p><b>Third party:<\/b> a natural or legal person, public authority, agency or any other body other than the data subject, the controller, the processor or the persons who, under the direct authority of the controller or processor, are authorised to process the personal data<\/p>\n<p><b>Authority: <\/b>Hungarian National Authority for Data Protection and Freedom of Information (headquarters: 1125 Budapest, Szil\u00e1gyi Erzs\u00e9bet fasor 22\/c., phone: 06-1 391-1400, fax: 06-1 391-1410, e-mail: ugyfelszolgalat@naih.hu, website: naih.hu)<\/p>\n<p><b>Partner\/Customer:<\/b> an individual who does not enter into a contract with the Data Controller for the sale of a product or the provision of a service via a website<\/p>\n<p><b>Registration: <\/b>the recording of the personal data of the guest on the website, which is used to create a user account<\/p>\n<p><b>Personal data:<\/b> any information relating to the data subject<\/p>\n<p><b>Service: <\/b>product sales, accommodation and other services provided by the Data Controller to its Clients, Partners and Hotel Guests on the website or otherwise, as detailed in the GTC<\/p>\n<p><b>Website:<\/b> operated by the Data Controller, <b>Web-PR 1 St\u00fadi\u00f3 Kft <\/b>and other websites available at the addresses specified therein<\/p>\n<p>Effective: from 1 September 2021<\/p>\n<p><b> <\/b><\/p>","protected":false},"excerpt":{"rendered":"<p>Az \u00d6n \u00e1ltal megadott szem\u00e9lyes adatokat kezeli: Web-PR 1 St\u00fadi\u00f3 Kft Sz\u00e9khely: 1221 Budapest, P\u00e9ter P\u00e1l u.49. Telephely: 7136 F\u00e1c\u00e1nkert, Pusztasor 1-2. Ad\u00f3sz\u00e1m: 24749022-2-43 C\u00e9gjegyz\u00e9ksz\u00e1m: 01-09-180251 Banksz\u00e1mlasz\u00e1m: 11722003-201684 KSH sz\u00e1ma: 24749022-7021-113-01 Weboldal: https:\/\/retreatfactory.hu\/ Telefonsz\u00e1m: +3670 7720628 E-mail c\u00edm: hello@retreatfactory.hu Adatv\u00e9delmi tisztvisel\u0151: Vighn\u00e9 dr. Halasi Gabriella El\u00e9rhet\u0151s\u00e9ge (e-mail c\u00edm, telefonsz\u00e1m): halasigabriella55@gmail.com, 06\/70\/772-0628 Nyilv\u00e1ntart\u00e1sba bejegyz\u0151 b\u00edr\u00f3s\u00e1g: F\u0151v\u00e1rosi [&hellip;]<\/p>\n","protected":false},"author":1,"featured_media":0,"parent":0,"menu_order":0,"comment_status":"closed","ping_status":"closed","template":"","meta":{"footnotes":""},"class_list":["post-3","page","type-page","status-publish","hentry","post-wrapper","thrv_wrapper"],"aioseo_notices":[],"_links":{"self":[{"href":"https:\/\/retreatfactory.hu\/en\/wp-json\/wp\/v2\/pages\/3","targetHints":{"allow":["GET"]}}],"collection":[{"href":"https:\/\/retreatfactory.hu\/en\/wp-json\/wp\/v2\/pages"}],"about":[{"href":"https:\/\/retreatfactory.hu\/en\/wp-json\/wp\/v2\/types\/page"}],"author":[{"embeddable":true,"href":"https:\/\/retreatfactory.hu\/en\/wp-json\/wp\/v2\/users\/1"}],"replies":[{"embeddable":true,"href":"https:\/\/retreatfactory.hu\/en\/wp-json\/wp\/v2\/comments?post=3"}],"version-history":[{"count":5,"href":"https:\/\/retreatfactory.hu\/en\/wp-json\/wp\/v2\/pages\/3\/revisions"}],"predecessor-version":[{"id":927,"href":"https:\/\/retreatfactory.hu\/en\/wp-json\/wp\/v2\/pages\/3\/revisions\/927"}],"wp:attachment":[{"href":"https:\/\/retreatfactory.hu\/en\/wp-json\/wp\/v2\/media?parent=3"}],"curies":[{"name":"wp","href":"https:\/\/api.w.org\/{rel}","templated":true}]}}