{"id":167,"date":"2021-04-24T11:34:31","date_gmt":"2021-04-24T11:34:31","guid":{"rendered":"http:\/\/aszeszgyar.hu\/generated-homepage\/"},"modified":"2025-06-26T12:50:20","modified_gmt":"2025-06-26T12:50:20","slug":"reatreat-factory","status":"publish","type":"page","link":"https:\/\/retreatfactory.hu\/en\/","title":{"rendered":"Retreat Factory &#8211; T\u00e1borok, esk\u00fcv\u0151k \u00e9s csapat\u00e9p\u00edt\u00e9sek"},"content":{"rendered":"<p><\/p>\n\n\n\n<p><\/p>\n\n\n\n<p><\/p>\n\n\n\n<p><\/p>\n\n\n<p>This has been autogenerated as a placeholder for homepage.<\/p>","protected":false},"excerpt":{"rendered":"<p>This has been autogenerated as a placeholder for homepage.<\/p>","protected":false},"author":1,"featured_media":0,"parent":0,"menu_order":0,"comment_status":"closed","ping_status":"closed","template":"","meta":{"footnotes":""},"class_list":["post-167","page","type-page","status-publish","hentry","post-wrapper","thrv_wrapper"],"aioseo_notices":[],"_links":{"self":[{"href":"https:\/\/retreatfactory.hu\/en\/wp-json\/wp\/v2\/pages\/167","targetHints":{"allow":["GET"]}}],"collection":[{"href":"https:\/\/retreatfactory.hu\/en\/wp-json\/wp\/v2\/pages"}],"about":[{"href":"https:\/\/retreatfactory.hu\/en\/wp-json\/wp\/v2\/types\/page"}],"author":[{"embeddable":true,"href":"https:\/\/retreatfactory.hu\/en\/wp-json\/wp\/v2\/users\/1"}],"replies":[{"embeddable":true,"href":"https:\/\/retreatfactory.hu\/en\/wp-json\/wp\/v2\/comments?post=167"}],"version-history":[{"count":143,"href":"https:\/\/retreatfactory.hu\/en\/wp-json\/wp\/v2\/pages\/167\/revisions"}],"predecessor-version":[{"id":2065,"href":"https:\/\/retreatfactory.hu\/en\/wp-json\/wp\/v2\/pages\/167\/revisions\/2065"}],"wp:attachment":[{"href":"https:\/\/retreatfactory.hu\/en\/wp-json\/wp\/v2\/media?parent=167"}],"curies":[{"name":"wp","href":"https:\/\/api.w.org\/{rel}","templated":true}]}}